{"id":2,"date":"2017-01-08T21:10:21","date_gmt":"2017-01-08T20:10:21","guid":{"rendered":"http:\/\/www.christianruch.ch\/?page_id=2"},"modified":"2017-10-27T17:47:08","modified_gmt":"2017-10-27T15:47:08","slug":"willkommen","status":"publish","type":"page","link":"https:\/\/www.christianruch.ch\/index.php\/","title":{"rendered":"Willkommen!"},"content":{"rendered":"<p><img decoding=\"async\" loading=\"lazy\" class=\"alignnone size-medium wp-image-105\" src=\"http:\/\/www.christianruch.ch\/wp-content\/uploads\/2017\/01\/Foto-200x300.jpg\" alt=\"\" width=\"200\" height=\"300\" srcset=\"https:\/\/www.christianruch.ch\/wp-content\/uploads\/2017\/01\/Foto-200x300.jpg 200w, https:\/\/www.christianruch.ch\/wp-content\/uploads\/2017\/01\/Foto-683x1024.jpg 683w, https:\/\/www.christianruch.ch\/wp-content\/uploads\/2017\/01\/Foto.jpg 690w\" sizes=\"(max-width: 200px) 100vw, 200px\" \/><br \/>\nDr. phil. Christian Ruch, Historiker und Soziologe, Politologe, Storyteller, Ritualgestalter, Referent, Journalist<\/p>\n<p>Angebot:<\/p>\n<ul>\n<li>Schreiben f\u00fcr Magazine, Zeitungen, Werbefilme<\/li>\n<li>Forschungsauftr\u00e4ge f\u00fcr Geschichte, Politik, Soziologie, Palliative Care, Ahnenforschung und Familiengeschichte<\/li>\n<li>Vortr\u00e4ge in den Bereichen Neue religi\u00f6se Bewegungen, Geschichte und Palliative Care<\/li>\n<li>Ritualgestaltung f\u00fcr Hochzeitszeremonien und Abdankungen, Taufen und Segnungen aller Art<\/li>\n<\/ul>\n","protected":false},"excerpt":{"rendered":"<p>Dr. phil. Christian Ruch, Historiker und Soziologe, Politologe, Storyteller, Ritualgestalter, Referent, Journalist Angebot: Schreiben f\u00fcr Magazine, Zeitungen, Werbefilme Forschungsauftr\u00e4ge f\u00fcr Geschichte, Politik, Soziologie, Palliative Care, Ahnenforschung und Familiengeschichte Vortr\u00e4ge in den Bereichen Neue religi\u00f6se Bewegungen, Geschichte und Palliative Care Ritualgestaltung f\u00fcr Hochzeitszeremonien und Abdankungen, Taufen und Segnungen aller Art<\/p>\n","protected":false},"author":1,"featured_media":0,"parent":0,"menu_order":0,"comment_status":"closed","ping_status":"open","template":"","meta":[],"_links":{"self":[{"href":"https:\/\/www.christianruch.ch\/index.php\/wp-json\/wp\/v2\/pages\/2"}],"collection":[{"href":"https:\/\/www.christianruch.ch\/index.php\/wp-json\/wp\/v2\/pages"}],"about":[{"href":"https:\/\/www.christianruch.ch\/index.php\/wp-json\/wp\/v2\/types\/page"}],"author":[{"embeddable":true,"href":"https:\/\/www.christianruch.ch\/index.php\/wp-json\/wp\/v2\/users\/1"}],"replies":[{"embeddable":true,"href":"https:\/\/www.christianruch.ch\/index.php\/wp-json\/wp\/v2\/comments?post=2"}],"version-history":[{"count":7,"href":"https:\/\/www.christianruch.ch\/index.php\/wp-json\/wp\/v2\/pages\/2\/revisions"}],"predecessor-version":[{"id":113,"href":"https:\/\/www.christianruch.ch\/index.php\/wp-json\/wp\/v2\/pages\/2\/revisions\/113"}],"wp:attachment":[{"href":"https:\/\/www.christianruch.ch\/index.php\/wp-json\/wp\/v2\/media?parent=2"}],"curies":[{"name":"wp","href":"https:\/\/api.w.org\/{rel}","templated":true}]}}