{"id":25,"date":"2017-01-09T19:55:11","date_gmt":"2017-01-09T18:55:11","guid":{"rendered":"http:\/\/www.christianruch.ch\/?page_id=25"},"modified":"2019-10-27T20:02:16","modified_gmt":"2019-10-27T19:02:16","slug":"publikationen-referenzen","status":"publish","type":"page","link":"https:\/\/www.christianruch.ch\/index.php\/publikationen-referenzen\/","title":{"rendered":"Publikationen (Auswahl)"},"content":{"rendered":"<table style=\"text-transform: none; text-indent: 0px; letter-spacing: normal; font-family: 'Times New Roman'; word-spacing: 0px; orphans: 2; widows: 2; -webkit-text-stroke-width: 0px; text-decoration-style: initial; text-decoration-color: initial;\" border=\"0\" width=\"680\" cellspacing=\"0\" cellpadding=\"0\">\n<tbody>\n<tr>\n<td rowspan=\"7\" valign=\"top\" width=\"475\">\n<table border=\"0\" width=\"475\" cellspacing=\"0\" cellpadding=\"0\">\n<tbody>\n<tr>\n<td width=\"475\"><b>a) Geschichte der Schweiz und Liechtensteins<\/b><\/p>\n<p>&#171;Nazis als Nachbarn. Samnaun zwischen 1938 und 1945&#187; (= Beiheft Nr. 16 zum B\u00fcndner Monatsblatt), Chur 2019.<\/p>\n<p>&#171;Ein Leben f\u00fcr die G\u00e4ste.\u00a0Die Geschichte des Sarganserl\u00e4nder Wirtepaars Claire und Hans Good&#187;, Chur 2018.<\/p>\n<p>&#171;Hanspeter Lebrument. Vom Lehrer zum Unternehmer und Pr\u00e4sidenten der Schweizer Verleger&#187;, Bern 2015.<\/p>\n<p>&#171;City Guide Chur&#187;, Glarus\/Chur 2011.<\/p>\n<p>Zusammen mit Veronika Marxer: &#171;Liechtensteinische Industriebetriebe und die Frage nach der Produktion f\u00fcr den deutschen Kriegsbedarf 1939-1945&#187; (=Ver\u00f6ffentlichungen der UHK, Bd. 2), Vaduz\/Z\u00fcrich 2005.<\/p>\n<p>&#171;Vom Kampfkanton zum Pays ouvert&#187;, in: &#171;Kanton Jura \u2013 Ansichten, Einsichten&#187;, hg. von der Schweizerischen Arbeitsgemeinschaft f\u00fcr Demokratie (SAD), Z\u00fcrich 2004, S. 20-29.<\/p>\n<p>Mitarbeit an &#171;Die Schweiz, der Nationalsozialismus und der Zweite Weltkrieg. Schlussbericht&#187;, hg. von der Unabh\u00e4ngigen Expertenkommission Schweiz-Zweiter Weltkrieg, Z\u00fcrich 2002.<\/p>\n<p>Zusammen mit Myriam Rais-Liechti und Roland Peter: &#171;Gesch\u00e4fte und Zwangsarbeit. Schweizer Industrieunternehmen im &#8249;Dritten Reich'&#187; (=Ver\u00f6ffentlichungen der UEK, Bd. 6), Z\u00fcrich 2001.<\/p>\n<p>&#171;Struktur und Strukturwandel des jurassischen Separatismus zwischen 1974 und 1994&#187;, Bern 2001 (Dissertation). Mehr dazu <a href=\"http:\/\/www.perlentaucher.de\/buch\/5466.html\" target=\"_blank\" rel=\"noopener noreferrer\">hier<\/a>.<\/p>\n<p>Beitr\u00e4ge zum Kanton Jura und seinen Gemeinden im &#171;Handbuch der historischen St\u00e4tten Schweiz und Liechtenstein&#187;, hg. von Volker Reinhardt, Stuttgart 1996.<\/p>\n<p><b>b) Regionalgeschichte S\u00fcdbadens<\/b><\/p>\n<p>&#171;Die Belagerung durch die Eidgenossen im Sommer 1468&#187;, in: Stadt Waldshut-Tiengen (Hg.), &#171;Die Geschichte der Waldshuter Chilbi 1468-2018&#187;, Waldshut-Tiengen 2018, S. 7-21.<\/p>\n<p>Zusammen mit Andreas Wei\u00df: &#171;Die K\u00fcssaburg&#187;, herausgegeben vom K\u00fcssaburg-Bund e.V., o. O. 2009.<\/p>\n<p>Mitarbeit an &#171;Waldshut, die habsburgische und vorder\u00f6sterreichische Stadt bis zum \u00dcbergang an Baden&#187;, (=&#187;Geschichte der Stadt Waldshut&#187;, Bd. 1), Lindenberg\/Allg. 2009.<\/p>\n<p>&#171;&#8249;Wir sind immer f\u00fcr Sie da&#8230;&#8250; Die Geschichte der Stadtwerke Waldshut-Tiengen GmbH&#187;, o.O.u.J. [Waldshut-Tiengen 2007].<\/p>\n<p>Mitarbeit an &#171;Von Menschen. F\u00fcr Menschen. Sparkasse Hochrhein. Gut. Seit 150 Jahren&#187;, Jubil\u00e4umsschrift der Sparkasse Hochrhein, o.O. u. J. [Waldshut-Tiengen 2006].<\/p>\n<p>Mitarbeit an &#171;Waldshut im 20. Jahrhundert. Konstanten und Umbr\u00fcche seit dem Ersten Weltkrieg&#187; (=&#187;Geschichte der Stadt Waldshut&#187;, Bd. 3), Lindenberg\/Allg. 2004.<\/p>\n<p>&#171;&#8249;Als w\u00e4re Gott selbst zu ihnen gekommen&#8250;. Balthasar Hubmaier und die Waldshuter T\u00e4uferreformation von 1525&#187;, in: &#171;Beitr\u00e4ge zur Landeskunde von Baden-W\u00fcrttemberg&#187;, 4\/2000, S. 1-7.<\/p>\n<p>&#171;Schweizer Industriebetriebe am Hochrhein zur Zeit des &#8249;Dritten Reiches'&#187;, in: &#171;Badische Heimat. Zeitschrift f\u00fcr Landes- und Volkskunde, Natur-, Umwelt- und Denkmalschutz&#187;, 5\/2000, S. 418-439.<\/p>\n<p>Mitarbeit an &#171;Waldshut im 19. Jahrhundert. Lebensbilder aus einer grossherzoglichen Amtsstadt&#187; (=&#187;Geschichte der Stadt Waldshut&#187;, Bd. 2), Lindenberg\/Allg. 1999.<span class=\"Apple-converted-space\">\u00a0<\/span><\/p>\n<p><b>c) Religionssoziologie und -wissenschaft<\/b><\/p>\n<p>&#171;Warum gerade ich?! Die weltanschaulichen und religi\u00f6sen Implikationen unheilbarer Krankheit&#187;, in: Matthias P\u00f6hlmann (Hg.), &#171;Sehnsucht nach Heil und Heilung. Wunderglaube als Herausforderung&#187; (=EZW-Text 262), Berlin 2019, S. 35-45.<\/p>\n<p>&#171;Traue niemandem! Was fasziniert an Verschw\u00f6rungstheorien?&#187;, in: Christian Metzenthin (Hg.), &#171;Ph\u00e4nomen Verschw\u00f6rungstheorien. Psychologische, soziologische und theologische Perspektiven&#187;, Z\u00fcrich 2019, S. 39-60.<\/p>\n<p>&#171;&#8249;&#8230;but what I&#8217;ve read, I think, i&#8217;ts true&#8250;: Karlheinz Stockhausen and <em>The Urantia Book<\/em>&#171;, in: M. J. Grant und Imke Misch (hgg.), The Musival legacy of Karlheinz Stockhausen: Looking Back and Forward&#187;, Hofheim 2016, S. 148-157.<\/p>\n<p>&#171;Extra ecclesiam etiam salus? Ritualdesign im ausserkirchlichen Bereich&#187;, in: &#171;Materialdienst&#187; der Ev. Zentralstelle f\u00fcr Weltanschauungsfragen (EZW), 7\/2012, S. 243-248.<\/p>\n<p>&#171;Ende mit Schrecken oder Schrecken ohne Ende? Apokalyptik versus Posthistoire&#187;, in: &#171;Materialdienst&#187; der Ev. Zentralstelle f\u00fcr Weltanschauungsfragen (EZW), 10\/2011, S. 381-385.<\/p>\n<p>&#171;Endete am 11. September 2001 die Postmoderne?&#187;, in: &#171;Materialdienst&#187; der Ev. Zentralstelle f\u00fcr Weltanschauungsfragen (EZW), 9\/2011, S. 334-338.<\/p>\n<p>&#171;Wie \u00f6kumenef\u00e4hig? Zur Situation der Neuapostolischen Kirche&#187;, in: &#171;Herder Korrespondenz&#187;, 7\/2011, S. 364-368.<\/p>\n<p>&#171;Anmerkungen zur bisherigen Geschichtsaufarbeitung in der NAK&#187;, in: Reinhard Hempelmann (Hg.), &#171;Die Neuapostolische Kirche und die \u00d6kumene&#187; (=EZW-Text 214), Berlin 2011,\u00a0S. 25-29.<\/p>\n<p>&#171;&#8249;Alles Leben ist Yoga&#8250; Was bleibt von\u00a0Sri\u00a0Aurobindo?&#187;, in: &#171;Materialdienst&#187; der Ev. Zentralstelle f\u00fcr Weltanschauungsfragen (EZW), 12\/2010, S. 456-460.<\/p>\n<p>&#171;Von der Sehnsucht nach dem kleinen Prinzen oder:\u00a0Anmerkungen zur Aktualit\u00e4t der Gnosis, in: Reinhard Hempelmann (Hg.), &#171;Religionsdifferenzen und Religionsdialoge. Festschrift 50 Jahre EZW&#187; (=EZW-Text 210), Berlin 2010,\u00a0S. 269-277.<\/p>\n<p>Zusammen mit Matthias P\u00f6hlmann und Heiko\u00a0Ehrhardt: &#171;Der Dan-Brown-Code. Von Illuminaten, Freimaurern und inszenierten\u00a0Verschw\u00f6rungen&#187;, (=EZW-Text 207), Berlin 2010. N\u00e4heres dazu <a href=\"http:\/\/www.ekd.de\/ezw\/Publikationen_2192.php\" target=\"_blank\" rel=\"noopener noreferrer\">hier<\/a>.<\/p>\n<p>Mitarbeit am &#171;Lexikon neureligi\u00f6ser Bewegungen und Weltanschauungen&#187;, hg. von Harald Baer, Hans Gasper, Joachim M\u00fcller und Johannes Sinabell, Freiburg\/Brsg. 2009.<\/p>\n<p>&#171;Virtuelle Freunde im digitalen Ozean. Das Ph\u00e4nomen &#8249;Facebook'&#187;, in: &#171;Materialdienst&#187; der Ev. Zentralstelle f\u00fcr Weltanschauungsfragen (EZW), 9\/2009, S. 333-337.<\/p>\n<p>&#171;Reinkarnation als Alternative?, in: &#171;Schweizerische Kirchenzeitung&#187;, 13\/2009, S. 232ff.<\/p>\n<p>&#171;Den Felsen streicheln? China, der Dalai Lama und die Tibet-Frage&#187;, in: &#171;Herder Korrespondenz&#187;, 2\/2009, S. 91-95.<\/p>\n<p>&#171;Von der &#8249;Weltkommunikation&#8250; zur &#8249;Community&#8250;. Warum leben wir in einem &#8249;Land voller Propheten&#8250;?&#187;, in: &#171;Materialdienst&#187; der Ev. Zentralstelle f\u00fcr Weltanschauungsfragen (EZW), 9\/2008, S. 323-331.<\/p>\n<p>&#171;Immer noch Sekte? Vom schwierigen Reformprozess in der Neuapostolischen Kirche&#187;, in: &#171;Herder Korrespondenz&#187;, 8\/2008, S. 408-412.<\/p>\n<p>&#171;Fliegen lernen&#8230; oder Sind Sie ein Sternenkind?&#187;, in: &#171;Gedenkschrift f\u00fcr Stockhausen&#187;, hg. von der Stockhausen-Stiftung f\u00fcr Musik, K\u00fcrten 2008, S. 175f.<\/p>\n<p>&#171;&#8249;Im Jenseits geht&#8217;s erst richtig los&#8230;&#8250; Karlheinz\u00a0Stockhausen und die Religion&#187;, in: &#171;Herder Korrespondenz&#187;, 2\/2008, S. 103-106.<\/p>\n<p>&#171;Das stille Schisma. Was Schweizer Katholiken von katholischen Schweizern trennt&#187;, in: &#171;Stimmen der Zeit&#187;, 8\/2007, S. 520-530. Mehr dazu <a href=\"http:\/\/www.kath.net\/detail.php?id=17549\" target=\"_blank\" rel=\"noopener noreferrer\">hier.<\/a><\/p>\n<p>Zusammen mit Ulrich Dehn: &#171;&#8249;Wenn Eisenv\u00f6gel fliegen&#8230;&#8250; Der tibetische Buddhismus und der Westen&#187; (=EZW-Text 185), Berlin 2006.<\/p>\n<p>Mitarbeit am &#171;Lexikon neureligi\u00f6ser Gruppen, Szenen und Weltanschauungen. Orientierungen im religi\u00f6sen Pluralismus&#187;, hg. von Harald Baer, Hans Gasper, Joachim M\u00fcller und Johannes Sinabell, Freiburg\/Brsg. 2005.<\/p>\n<p>&#171;El n\u00famero del tel\u00e9fono de Dios es secreto. Sobre el agnosticismo en la cosmovisi\u00f3n de Stockhausen&#187;, in: &#171;Revista de Occidente&#187; (Spanien), No. 283\/Diciembre 2004, S. 51-62.<\/p>\n<p>&#171;Fernweh nach Mittelerde. Was fasziniert an Tolkiens &#8249;Herr der Ringe&#8250;?&#187;, in: &#171;Konradsblatt&#187; 27\/2004, S. 20f.<\/p>\n<p>&#171;Flaschenpost vom &#8249;richtigen Leben&#8250; \u2013 Anmerkungen zum 100. Geburtstag Theodor W. Adornos&#187;, in: &#171;Materialdienst&#187; der Ev. Zentralstelle f\u00fcr Weltanschauungsfragen (EZW), 9\/2003, S. 335ff.<\/p>\n<p>&#171;Noten f\u00fcr Nebadon \u2013 Anmerkungen zur Polemik um das Werk des Komponisten Karlheinz Stockhausen&#187;, in: &#171;Materialdienst&#187; der Ev. Zentralstelle f\u00fcr Weltanschauungsfragen (EZW), 7\/1999, S. 209f.<\/p>\n<p><b>d) Belletristik<\/b><\/p>\n<p>Zusammen mit Franziska Hidber: &#171;Venner. Ein Krimi zwischen Nordkap und Sarganserland&#187;, Chur 2019. Mehr dazu <a href=\"https:\/\/www.youtube.com\/watch?v=Cyf9TJJT7j4\" target=\"_blank\" rel=\"noopener noreferrer\">hier<\/a>.<\/p>\n<p>&nbsp;<\/p>\n<p>&nbsp;<\/p>\n<p>&nbsp;<\/p>\n<p>&nbsp;<\/p>\n<p>&nbsp;<\/p>\n<p>&nbsp;<\/p>\n<p>&nbsp;<\/p>\n<p>&nbsp;<\/p>\n<p>&nbsp;<\/p>\n<p>&nbsp;<\/p>\n<p>&nbsp;<\/p>\n<p>&nbsp;<\/p>\n<p>&nbsp;<\/p>\n<p>&nbsp;<\/p>\n<p>&nbsp;<\/p>\n<p>&nbsp;<\/td>\n<\/tr>\n<\/tbody>\n<\/table>\n<\/td>\n<\/tr>\n<\/tbody>\n<\/table>\n<p>&nbsp;<\/p>\n","protected":false},"excerpt":{"rendered":"<p>a) Geschichte der Schweiz und Liechtensteins &#171;Nazis als Nachbarn. Samnaun zwischen 1938 und 1945&#187; (= Beiheft Nr. 16 zum B\u00fcndner Monatsblatt), Chur 2019. &#171;Ein Leben f\u00fcr die G\u00e4ste.\u00a0Die Geschichte des Sarganserl\u00e4nder Wirtepaars Claire und Hans Good&#187;, Chur 2018. &#171;Hanspeter Lebrument. Vom Lehrer zum Unternehmer und Pr\u00e4sidenten der Schweizer Verleger&#187;, Bern 2015. &#171;City Guide Chur&#187;, Glarus\/Chur &hellip; <\/p>\n<p class=\"link-more\"><a href=\"https:\/\/www.christianruch.ch\/index.php\/publikationen-referenzen\/\" class=\"more-link\"><span class=\"screen-reader-text\">&#171;Publikationen (Auswahl)&#187;<\/span> weiterlesen<\/a><\/p>\n","protected":false},"author":1,"featured_media":0,"parent":0,"menu_order":0,"comment_status":"closed","ping_status":"closed","template":"","meta":[],"_links":{"self":[{"href":"https:\/\/www.christianruch.ch\/index.php\/wp-json\/wp\/v2\/pages\/25"}],"collection":[{"href":"https:\/\/www.christianruch.ch\/index.php\/wp-json\/wp\/v2\/pages"}],"about":[{"href":"https:\/\/www.christianruch.ch\/index.php\/wp-json\/wp\/v2\/types\/page"}],"author":[{"embeddable":true,"href":"https:\/\/www.christianruch.ch\/index.php\/wp-json\/wp\/v2\/users\/1"}],"replies":[{"embeddable":true,"href":"https:\/\/www.christianruch.ch\/index.php\/wp-json\/wp\/v2\/comments?post=25"}],"version-history":[{"count":11,"href":"https:\/\/www.christianruch.ch\/index.php\/wp-json\/wp\/v2\/pages\/25\/revisions"}],"predecessor-version":[{"id":163,"href":"https:\/\/www.christianruch.ch\/index.php\/wp-json\/wp\/v2\/pages\/25\/revisions\/163"}],"wp:attachment":[{"href":"https:\/\/www.christianruch.ch\/index.php\/wp-json\/wp\/v2\/media?parent=25"}],"curies":[{"name":"wp","href":"https:\/\/api.w.org\/{rel}","templated":true}]}}