{"id":46,"date":"2017-01-09T20:45:45","date_gmt":"2017-01-09T19:45:45","guid":{"rendered":"http:\/\/www.christianruch.ch\/index.php\/?page_id=46"},"modified":"2017-04-23T10:33:51","modified_gmt":"2017-04-23T08:33:51","slug":"politische-beratung","status":"publish","type":"page","link":"https:\/\/www.christianruch.ch\/index.php\/politische-beratung\/","title":{"rendered":"Politische Beratung"},"content":{"rendered":"<p>Aufgrund meiner langj\u00e4hrigen\u00a0Aktivit\u00e4ten in der Parteipolitik und als Mitglied eines Stadtparlaments sowie Aufsichtsrats eines st\u00e4dtischen Energie- und Wasserversorgungsunternehmens \u00a0verf\u00fcge ich \u00fcber grosse politische Erfahrung, die ich gerne weitergeben m\u00f6chte.<\/p>\n","protected":false},"excerpt":{"rendered":"<p>Aufgrund meiner langj\u00e4hrigen\u00a0Aktivit\u00e4ten in der Parteipolitik und als Mitglied eines Stadtparlaments sowie Aufsichtsrats eines st\u00e4dtischen Energie- und Wasserversorgungsunternehmens \u00a0verf\u00fcge ich \u00fcber grosse politische Erfahrung, die ich gerne weitergeben m\u00f6chte.<\/p>\n","protected":false},"author":1,"featured_media":0,"parent":0,"menu_order":0,"comment_status":"closed","ping_status":"closed","template":"","meta":[],"_links":{"self":[{"href":"https:\/\/www.christianruch.ch\/index.php\/wp-json\/wp\/v2\/pages\/46"}],"collection":[{"href":"https:\/\/www.christianruch.ch\/index.php\/wp-json\/wp\/v2\/pages"}],"about":[{"href":"https:\/\/www.christianruch.ch\/index.php\/wp-json\/wp\/v2\/types\/page"}],"author":[{"embeddable":true,"href":"https:\/\/www.christianruch.ch\/index.php\/wp-json\/wp\/v2\/users\/1"}],"replies":[{"embeddable":true,"href":"https:\/\/www.christianruch.ch\/index.php\/wp-json\/wp\/v2\/comments?post=46"}],"version-history":[{"count":3,"href":"https:\/\/www.christianruch.ch\/index.php\/wp-json\/wp\/v2\/pages\/46\/revisions"}],"predecessor-version":[{"id":86,"href":"https:\/\/www.christianruch.ch\/index.php\/wp-json\/wp\/v2\/pages\/46\/revisions\/86"}],"wp:attachment":[{"href":"https:\/\/www.christianruch.ch\/index.php\/wp-json\/wp\/v2\/media?parent=46"}],"curies":[{"name":"wp","href":"https:\/\/api.w.org\/{rel}","templated":true}]}}