{"id":55,"date":"2017-01-09T20:48:20","date_gmt":"2017-01-09T19:48:20","guid":{"rendered":"http:\/\/www.christianruch.ch\/index.php\/?page_id=55"},"modified":"2018-04-01T18:58:05","modified_gmt":"2018-04-01T16:58:05","slug":"trauungen","status":"publish","type":"page","link":"https:\/\/www.christianruch.ch\/index.php\/trauungen\/","title":{"rendered":"Hochzeiten \/ Trauungen"},"content":{"rendered":"<p><img decoding=\"async\" loading=\"lazy\" class=\"alignnone size-medium wp-image-108\" src=\"http:\/\/www.christianruch.ch\/wp-content\/uploads\/2017\/01\/IMG_714_13-300x200.jpg\" alt=\"\" width=\"300\" height=\"200\" srcset=\"https:\/\/www.christianruch.ch\/wp-content\/uploads\/2017\/01\/IMG_714_13-300x200.jpg 300w, https:\/\/www.christianruch.ch\/wp-content\/uploads\/2017\/01\/IMG_714_13-768x512.jpg 768w, https:\/\/www.christianruch.ch\/wp-content\/uploads\/2017\/01\/IMG_714_13-1024x683.jpg 1024w, https:\/\/www.christianruch.ch\/wp-content\/uploads\/2017\/01\/IMG_714_13.jpg 1500w\" sizes=\"(max-width: 300px) 100vw, 300px\" \/><br \/>\nDie meisten Kulturen verbinden Hochzeiten und Trauungen mit einem religi\u00f6sen Ritual und einem anschliessenden gemeinsamen Festmahl. Heute gibt es alle m\u00f6glichen (und manchmal auch unm\u00f6glichen\u2026) Arten, Hochzeiten zu feiern. Viele Paare wollen nicht auf eine spirituelle Zeremonie oder ein religi\u00f6ses Ritual verzichten, w\u00fcnschen sich aber eine ganz pers\u00f6nliche Gestaltung dieses besonderen Anlasses.<\/p>\n<p>Ich bin sicher, dass ich zusammen mit Ihnen eine Ausdrucksform finde, die Ihren individuellen spirituellen Bed\u00fcrfnissen entspricht und so Ihre Hochzeit zu einem einmaligen Ereignis werden l\u00e4sst, an das Sie noch lange gerne zur\u00fcckdenken werden. Bei mir gibt es keine Trauungen &#171;von der Stange&#187; und kein &#171;&#8230;bis dass der Tod euch scheidet&#187;, sondern eine Hochzeitszeremonie mit Geist und Esprit.<\/p>\n<p>Basis meiner Spiritualit\u00e4t ist ein katholisch gepr\u00e4gter christlicher Glaube, der offen f\u00fcr den spirituellen Reichtum der Mystik und anderer Traditionen ist. Die von mir angebotenen Rituale eignen sich daher auch sehr gut als Erg\u00e4nzung kirchlicher Feiern.<\/p>\n<p>Meine &#171;Einsatzgebiete&#187; sind v.a. Chur und das Churer Rheintal, Graub\u00fcnden inklusive Engadin, die \u00fcbrige Schweiz, die Hochrheinregion und der Schwarzwald.<\/p>\n","protected":false},"excerpt":{"rendered":"<p>Die meisten Kulturen verbinden Hochzeiten und Trauungen mit einem religi\u00f6sen Ritual und einem anschliessenden gemeinsamen Festmahl. Heute gibt es alle m\u00f6glichen (und manchmal auch unm\u00f6glichen\u2026) Arten, Hochzeiten zu feiern. Viele Paare wollen nicht auf eine spirituelle Zeremonie oder ein religi\u00f6ses Ritual verzichten, w\u00fcnschen sich aber eine ganz pers\u00f6nliche Gestaltung dieses besonderen Anlasses. Ich bin sicher, &hellip; <\/p>\n<p class=\"link-more\"><a href=\"https:\/\/www.christianruch.ch\/index.php\/trauungen\/\" class=\"more-link\"><span class=\"screen-reader-text\">&#171;Hochzeiten \/ Trauungen&#187;<\/span> weiterlesen<\/a><\/p>\n","protected":false},"author":1,"featured_media":0,"parent":0,"menu_order":0,"comment_status":"closed","ping_status":"closed","template":"","meta":[],"_links":{"self":[{"href":"https:\/\/www.christianruch.ch\/index.php\/wp-json\/wp\/v2\/pages\/55"}],"collection":[{"href":"https:\/\/www.christianruch.ch\/index.php\/wp-json\/wp\/v2\/pages"}],"about":[{"href":"https:\/\/www.christianruch.ch\/index.php\/wp-json\/wp\/v2\/types\/page"}],"author":[{"embeddable":true,"href":"https:\/\/www.christianruch.ch\/index.php\/wp-json\/wp\/v2\/users\/1"}],"replies":[{"embeddable":true,"href":"https:\/\/www.christianruch.ch\/index.php\/wp-json\/wp\/v2\/comments?post=55"}],"version-history":[{"count":10,"href":"https:\/\/www.christianruch.ch\/index.php\/wp-json\/wp\/v2\/pages\/55\/revisions"}],"predecessor-version":[{"id":156,"href":"https:\/\/www.christianruch.ch\/index.php\/wp-json\/wp\/v2\/pages\/55\/revisions\/156"}],"wp:attachment":[{"href":"https:\/\/www.christianruch.ch\/index.php\/wp-json\/wp\/v2\/media?parent=55"}],"curies":[{"name":"wp","href":"https:\/\/api.w.org\/{rel}","templated":true}]}}