{"id":7,"date":"2017-01-08T21:17:05","date_gmt":"2017-01-08T20:17:05","guid":{"rendered":"http:\/\/www.christianruch.ch\/?page_id=7"},"modified":"2017-10-27T18:51:25","modified_gmt":"2017-10-27T16:51:25","slug":"biografie","status":"publish","type":"page","link":"https:\/\/www.christianruch.ch\/index.php\/biografie\/","title":{"rendered":"Biografie"},"content":{"rendered":"<ul>\n<li>Geboren und aufgewachsen in Waldshut(Deutschland). Studium der Geschichte, Politologie und Soziologie in Freiburg\/Brsg. und Basel.<\/li>\n<li>Promotion zum Dr. phil. an der Universit\u00e4t Basel \u00fcber den jurassischen Separatismus (siehe Publikationen)<\/li>\n<li>Von 1997 bis 2001 Forscher und Teamleiter der Unabh\u00e4ngigen Expertenkommission Schweiz &#8211; Zweiter Weltkrieg (&#171;Bergier-Kommission&#187;)<\/li>\n<li>Heute beruflich t\u00e4tig als Historiker, Soziologe, freier Journalist und Ritualgestalter sowie als verantwortlicher Redaktor der Fachzeitschrift &#171;palliative ch&#187;<\/li>\n<li>2015: Kleiner Preis des Kantons Graub\u00fcnden f\u00fcr das Forschungsprojekt &#171;Samnaun\u00a0zwischen 1938 und 1945&#187;<\/li>\n<li>Mitwirkung an mehreren Forschungs- und Publikationsprojekten<\/li>\n<li>Umfangreiche Lehr- und Vortragst\u00e4tigkeit<\/li>\n<\/ul>\n","protected":false},"excerpt":{"rendered":"<p>Geboren und aufgewachsen in Waldshut(Deutschland). Studium der Geschichte, Politologie und Soziologie in Freiburg\/Brsg. und Basel. Promotion zum Dr. phil. an der Universit\u00e4t Basel \u00fcber den jurassischen Separatismus (siehe Publikationen) Von 1997 bis 2001 Forscher und Teamleiter der Unabh\u00e4ngigen Expertenkommission Schweiz &#8211; Zweiter Weltkrieg (&#171;Bergier-Kommission&#187;) Heute beruflich t\u00e4tig als Historiker, Soziologe, freier Journalist und Ritualgestalter sowie &hellip; <\/p>\n<p class=\"link-more\"><a href=\"https:\/\/www.christianruch.ch\/index.php\/biografie\/\" class=\"more-link\"><span class=\"screen-reader-text\">&#171;Biografie&#187;<\/span> weiterlesen<\/a><\/p>\n","protected":false},"author":1,"featured_media":0,"parent":0,"menu_order":0,"comment_status":"closed","ping_status":"closed","template":"","meta":[],"_links":{"self":[{"href":"https:\/\/www.christianruch.ch\/index.php\/wp-json\/wp\/v2\/pages\/7"}],"collection":[{"href":"https:\/\/www.christianruch.ch\/index.php\/wp-json\/wp\/v2\/pages"}],"about":[{"href":"https:\/\/www.christianruch.ch\/index.php\/wp-json\/wp\/v2\/types\/page"}],"author":[{"embeddable":true,"href":"https:\/\/www.christianruch.ch\/index.php\/wp-json\/wp\/v2\/users\/1"}],"replies":[{"embeddable":true,"href":"https:\/\/www.christianruch.ch\/index.php\/wp-json\/wp\/v2\/comments?post=7"}],"version-history":[{"count":4,"href":"https:\/\/www.christianruch.ch\/index.php\/wp-json\/wp\/v2\/pages\/7\/revisions"}],"predecessor-version":[{"id":95,"href":"https:\/\/www.christianruch.ch\/index.php\/wp-json\/wp\/v2\/pages\/7\/revisions\/95"}],"wp:attachment":[{"href":"https:\/\/www.christianruch.ch\/index.php\/wp-json\/wp\/v2\/media?parent=7"}],"curies":[{"name":"wp","href":"https:\/\/api.w.org\/{rel}","templated":true}]}}